

{"id":4015,"date":"2023-04-19T17:01:34","date_gmt":"2023-04-19T17:01:34","guid":{"rendered":"http:\/\/aceapp.ar\/wordpress\/?page_id=4015"},"modified":"2024-10-29T14:51:25","modified_gmt":"2024-10-29T14:51:25","slug":"plataformas-informaticas-2","status":"publish","type":"page","link":"http:\/\/137.184.40.145\/wordpress\/plataformas-informaticas-2\/","title":{"rendered":"Plataformas informaticas"},"content":{"rendered":"<p><center><\/p>\n<h2><strong>\u00a0 \u00a0  \u00a0 \u00a0 Plataformas Inform\u00e1ticas<\/strong><\/h2>\n<p><\/center><br \/>\n&nbsp;<\/p>\n<h3>La Asociaci\u00f3n cuenta con un portafolio de desarrollos inform\u00e1ticos que permiten la interoperabilidad con los distintos organismos que interoperan en el ecosistema (obras sociales p\u00fablicas, obras sociales privadas, etc.) que realiza la gesti\u00f3n de forma digital en un 100%  . Esto involucra desde la generaci\u00f3n de un turno hasta la presentaci\u00f3n electr\u00f3nica de la facturaci\u00f3n al organismo. Utilizando el campus de la Asociaci\u00f3n se podr\u00e1 obtener mayor informaci\u00f3n y capacitaci\u00f3n para la utilizaci\u00f3n de las mismas.<\/h3>\n<p>&nbsp;<\/p>\n<div class=\"ctsc-column ctsc-col3\">\n<a class=\"ctsc-button ctsc-button-normal ctsc-button-center  ctsc-animation ctsc-animation-zoomin\" href=\"\" style=\"background:#b20b00;background:linear-gradient(to bottom, #b20b00 0%, #d4281 100%)\"><span class=\"ctsc-button-content\"><span class=\"ctsc-button-text\">Preguntas frecuentes<\/span><\/span><\/a>\n<\/div><div class=\"ctsc-column ctsc-col3\">\n<a class=\"ctsc-button ctsc-button-normal ctsc-button-center  ctsc-animation ctsc-animation-zoomin\" href=\"http:\/\/137.184.40.145\/moodle\/\" style=\"background:#b20b00;background:linear-gradient(to bottom, #b20b00 0%, #d4281 100%)\"><span class=\"ctsc-button-content\"><span class=\"ctsc-button-text\">Campus<\/span><\/span><\/a><\/p>\n<\/div><div class=\"ctsc-column ctsc-col3 ctsc-col-last\">\n<a class=\"ctsc-button ctsc-button-normal ctsc-button-center  ctsc-animation ctsc-animation-zoomin\" href=\"http:\/\/137.184.40.145\/wordpress\/plataformas3\/\" style=\"background:#b20b00;background:linear-gradient(to bottom, #b20b00 0%, #d4281 100%)\"><span class=\"ctsc-button-content\"><span class=\"ctsc-button-text\">Plataformas<\/span><\/span><\/a>\n<\/div><div class=\"col-divide\"><\/div><\/p>\n<div class=\"row\" style=\"padding-left: 40px;\">\n<div class=\"column col3\" style=\"text-align: left;\"><\/div>\n<\/div>\n<hr \/>\n","protected":false},"excerpt":{"rendered":"<p>\u00a0 \u00a0 \u00a0 \u00a0 Plataformas Inform\u00e1ticas &nbsp; La Asociaci\u00f3n cuenta con un portafolio de desarrollos inform\u00e1ticos que permiten la interoperabilidad con los distintos organismos que interoperan en el ecosistema (obras sociales p\u00fablicas, obras sociales privadas, etc.) que realiza la gesti\u00f3n de forma digital en un 100% . Esto involucra desde la generaci\u00f3n de un turno hasta la presentaci\u00f3n electr\u00f3nica de la facturaci\u00f3n al organismo. Utilizando el campus de la Asociaci\u00f3n se podr\u00e1 obtener mayor informaci\u00f3n y capacitaci\u00f3n para la utilizaci\u00f3n&hellip;<\/p>\n","protected":false},"author":2,"featured_media":0,"parent":0,"menu_order":0,"comment_status":"closed","ping_status":"closed","template":"","meta":{"footnotes":""},"class_list":["post-4015","page","type-page","status-publish","hentry"],"_links":{"self":[{"href":"http:\/\/137.184.40.145\/wordpress\/wp-json\/wp\/v2\/pages\/4015","targetHints":{"allow":["GET"]}}],"collection":[{"href":"http:\/\/137.184.40.145\/wordpress\/wp-json\/wp\/v2\/pages"}],"about":[{"href":"http:\/\/137.184.40.145\/wordpress\/wp-json\/wp\/v2\/types\/page"}],"author":[{"embeddable":true,"href":"http:\/\/137.184.40.145\/wordpress\/wp-json\/wp\/v2\/users\/2"}],"replies":[{"embeddable":true,"href":"http:\/\/137.184.40.145\/wordpress\/wp-json\/wp\/v2\/comments?post=4015"}],"version-history":[{"count":31,"href":"http:\/\/137.184.40.145\/wordpress\/wp-json\/wp\/v2\/pages\/4015\/revisions"}],"predecessor-version":[{"id":4112,"href":"http:\/\/137.184.40.145\/wordpress\/wp-json\/wp\/v2\/pages\/4015\/revisions\/4112"}],"wp:attachment":[{"href":"http:\/\/137.184.40.145\/wordpress\/wp-json\/wp\/v2\/media?parent=4015"}],"curies":[{"name":"wp","href":"https:\/\/api.w.org\/{rel}","templated":true}]}}