

{"id":3847,"date":"2023-04-13T12:00:29","date_gmt":"2023-04-13T12:00:29","guid":{"rendered":"http:\/\/137.184.40.145\/wordpress\/?page_id=3847"},"modified":"2023-06-14T13:29:36","modified_gmt":"2023-06-14T13:29:36","slug":"quienes-somos-2","status":"publish","type":"page","link":"http:\/\/137.184.40.145\/wordpress\/quienes-somos-2\/","title":{"rendered":"QUI\u00c9NES SOMOS"},"content":{"rendered":"<p>&nbsp;<\/p>\n<h1><strong><span style=\"color: #000080;\"> Qui\u00e9nes somos <\/span><\/strong><\/h1>\n<h5>Somos una red de prestadores de servicios de salud ambulatorios de primer nivel. Nuestro enfoque est\u00e1 centrado en el paciente, para brindarle pr\u00e1cticas y prestaciones en forma oportuna, precisa, de calidad y sin costos diferenciales.<\/h5>\n<h5>Poseemos una visi\u00f3n amplia de la organizaci\u00f3n y operaci\u00f3n de los sistemas de salud. Nuestra prioridad es garantizar la cobertura y el acceso universal a estos servicios, siempre pensando en las familias y comunidades como base, para la planificaci\u00f3n y la acci\u00f3n de una organizaci\u00f3n unificada de salud. Para esto empleamos las mejores pr\u00e1cticas de gesti\u00f3n en los niveles de ingreso al sistema. As\u00ed logramos calidad, eficiencia, efectividad y acceso gratuito, y desarrollamos mecanismos activos con el fin de maximizar la participaci\u00f3n individual y colectiva en materia de salud.<\/h5>\n<hr \/>\n","protected":false},"excerpt":{"rendered":"<p>&nbsp; Qui\u00e9nes somos Somos una red de prestadores de servicios de salud ambulatorios de primer nivel. Nuestro enfoque est\u00e1 centrado en el paciente, para brindarle pr\u00e1cticas y prestaciones en forma oportuna, precisa, de calidad y sin costos diferenciales. Poseemos una visi\u00f3n amplia de la organizaci\u00f3n y operaci\u00f3n de los sistemas de salud. Nuestra prioridad es garantizar la cobertura y el acceso universal a estos servicios, siempre pensando en las familias y comunidades como base, para la planificaci\u00f3n y la acci\u00f3n&hellip;<\/p>\n","protected":false},"author":2,"featured_media":0,"parent":0,"menu_order":0,"comment_status":"closed","ping_status":"closed","template":"","meta":{"footnotes":""},"class_list":["post-3847","page","type-page","status-publish","hentry"],"_links":{"self":[{"href":"http:\/\/137.184.40.145\/wordpress\/wp-json\/wp\/v2\/pages\/3847","targetHints":{"allow":["GET"]}}],"collection":[{"href":"http:\/\/137.184.40.145\/wordpress\/wp-json\/wp\/v2\/pages"}],"about":[{"href":"http:\/\/137.184.40.145\/wordpress\/wp-json\/wp\/v2\/types\/page"}],"author":[{"embeddable":true,"href":"http:\/\/137.184.40.145\/wordpress\/wp-json\/wp\/v2\/users\/2"}],"replies":[{"embeddable":true,"href":"http:\/\/137.184.40.145\/wordpress\/wp-json\/wp\/v2\/comments?post=3847"}],"version-history":[{"count":15,"href":"http:\/\/137.184.40.145\/wordpress\/wp-json\/wp\/v2\/pages\/3847\/revisions"}],"predecessor-version":[{"id":4666,"href":"http:\/\/137.184.40.145\/wordpress\/wp-json\/wp\/v2\/pages\/3847\/revisions\/4666"}],"wp:attachment":[{"href":"http:\/\/137.184.40.145\/wordpress\/wp-json\/wp\/v2\/media?parent=3847"}],"curies":[{"name":"wp","href":"https:\/\/api.w.org\/{rel}","templated":true}]}}