

{"id":3735,"date":"2023-04-12T13:36:17","date_gmt":"2023-04-12T13:36:17","guid":{"rendered":"http:\/\/137.184.40.145\/wordpress\/?page_id=3735"},"modified":"2024-10-29T14:59:24","modified_gmt":"2024-10-29T14:59:24","slug":"campus","status":"publish","type":"page","link":"http:\/\/137.184.40.145\/wordpress\/campus\/","title":{"rendered":"Campus"},"content":{"rendered":"<p><center><\/p>\n<h2><strong>Campus de la Asociaci\u00f3n de Policonsultorios <\/strong><\/h2>\n<p><\/center><br \/>\n&nbsp;<\/p>\n<h4>Nuestra Asociaci\u00f3n cuenta con una plataforma donde se concentran los cursos, se realizan las capacitaciones y es un espacio de interacci\u00f3n entre los miembros que conforman la Asociaci\u00f3n.<\/h4>\n<h4>Desde este campus se ofrece el material a los participantes, para que de manera no presencial puedan incorporar los conocimientos necesarios para llevar adelante la gesti\u00f3n de cada uno de los policonsultorios.<\/h4>\n<h4>Aspira a convertirse en el sost\u00e9n inform\u00e1tico para facilitar tanto el uso de las herramientas como el intercambio de la informaci\u00f3n y comunicaci\u00f3n, no solo entre la Asociaci\u00f3n y sus asociados, sino tambi\u00e9n con el ecosistema (obras sociales p\u00fablicas, obras sociales privadas, etc.) que interoperan.<\/h4>\n<p><img loading=\"lazy\" decoding=\"async\" class=\"wp-image-35610 size-full\" src=\"http:\/\/137.184.40.145\/wordpress\/wp-content\/uploads\/2023\/05\/fondoooo.png\" alt=\"\" width=\"1672\" height=\"411\" \/><\/p>\n<div class=\"ctsc-accordion  ctsc-accordion-normal ctsc-animation ctsc-animation-spinleft\" data-group=\"group1\"><h4 class=\"ctsc-accordion-title\">\u00bfQU\u00c9 ES UN CAMPUS? Y ACCESIBILIDAD<\/h4><div class=\"ctsc-accordion-content\" style=\"display:none;\">\n<h5>El <strong>campus virtual es una plataforma online<\/strong> , realizada y brindada por instituciones, que necesitan ofrecer cursos virtuales sobre temas que las atraviesan. Desde <strong>el campus se ofrece el material a los participantes<\/strong>, para que de manera no presencial puedan desarrollar los conocimientos necesarios. Es una especie de centro educativo, sin la necesidad de un lugar f\u00edsico.<\/h5>\n<h5>Desde este tipo de plataformas, se utilizan\u00a0<strong>recursos tecnol\u00f3gicos<\/strong>, sin la necesidad de trasladarse, optimizando la capacitaci\u00f3n en cuanto a tiempo y a la organizaci\u00f3n del mismo. Con su utilizaci\u00f3n <strong>no es necesaria la presencia de las Personas en un espacio especifico<\/strong>, sino que el espacio se presenta en el mismo lugar donde se encuentre la persona que desee capacitarse.<\/h5>\n<h5>El nacimiento del campus virtual responde a la evoluci\u00f3n de los procesos de aprendizaje y al cambio en el paradigma de los mismos, y al desarrollo de las <strong>Tecnolog\u00edas de la Informaci\u00f3n y la Comunicaci\u00f3n (TICs)<\/strong>, eliminando la interacci\u00f3n f\u00edsica en la relaci\u00f3n persona-capacitaci\u00f3n-espacio f\u00edsico, y pasando a producirse esta<strong>\u00a0interacci\u00f3n mediante medios virtuales<\/strong>. A la vez, podemos decir que el campus intenta\u00a0<strong>reproducir la experiencia presencial<\/strong>, aport\u00e1ndole sus propios beneficios.<\/h5>\n<h5>Entendiendo por un lado, que cada uno de los asociados se encuentran en lugares geogr\u00e1ficamente diferentes, y que la segmentaci\u00f3n de la informaci\u00f3n que se gestione, es que el acceso al presente campus de la asociaci\u00f3n es con usuario y por perfiles. Esto quiere decir que el acceso se puede realizar desde cualquier punto de la provincia pero con el correspondiente usuario y clave solicitado por cada miembro de la asociaci\u00f3n y otorgado por la presente.<\/h5>\n<\/div><\/div>\n<div class=\"ctsc-accordion  ctsc-accordion-normal ctsc-animation ctsc-animation-spinleft\" data-group=\"group1\"><h4 class=\"ctsc-accordion-title\">BENEFICIO DE CAPACITACIONES VIRTUALES<\/h4><div class=\"ctsc-accordion-content\" style=\"display:none;\">\n<ul>\n<li><strong>Flexibilidad horaria<\/strong>: Como el acceso est\u00e1 permitido en todo momento, La persona puede regular los tiempos y acceder a la informaci\u00f3n en el momento que quiera, as\u00ed como tambi\u00e9n a ciertas clases que se encuentran disponibles como material audiovisual en todo momento.<\/li>\n<\/ul>\n<ul>\n<li><strong>Comunicaci\u00f3n instant\u00e1nea y en modalidad foro<\/strong>: Los campus virtuales suele tener secciones de foros en donde se puede\u00a0<strong>intercambiar informaci\u00f3n, contenidos y material<\/strong> en todo momento. No es necesaria la conexi\u00f3n de dos usuarios al mismo tiempo, sino que se puede realizar el intercambio con horas o d\u00edas de diferencia. Adem\u00e1s algunos incluyen chats en vivo, donde se pueden mantener conversaciones con pares, incluso con capacitadores, y resolver dudas en el momento.<\/li>\n<\/ul>\n<ul>\n<li><strong>Reducci\u00f3n de costos<\/strong>: Muchas veces, al no tener los gastos de traslado hacia un espacio f\u00edsico o de tener que ir a vivir a otra ciudad, se reduce el costo en el dinero destinado a las capacitaciones. Adem\u00e1s el material de estudio est\u00e1 disponible en la plataforma, no teniendo que gastar en material extra.<\/li>\n<\/ul>\n<ul>\n<li><strong>Participaci\u00f3n constante<\/strong>: Propone la posibilidad de estar continuamente aportando a la comunidad de usuarios, desde material \u00fatil, a dudas frecuentes para que sean respondidas.<\/li>\n<\/ul>\n<ul>\n<li><strong>Uso intuitivo<\/strong>: Las plataformas est\u00e1n desarrolladas para que su uso sea f\u00e1cil e intuitivo, y para que se logre una automatizaci\u00f3n de los procesos, tal y como ocurre con los sistemas de trabajo. Entonces, aunque en el inicio puede resultar un poco dif\u00edcil de utilizar, la plataforma va facilitando los procedimientos.<\/li>\n<\/ul>\n<ul>\n<li><strong>Informaci\u00f3n y material disponible<\/strong>: De manera\u00a0<strong>ordenada y de f\u00e1cil acceso<\/strong>, toda la informaci\u00f3n que necesita una persona para entender de que se trata cada tema, se encuentra al alcance de una conexi\u00f3n a internet.<\/li>\n<li><strong>Es amigable con el medio ambiente y con tu bolsillo:\u00a0<\/strong>Tambi\u00e9n se fomenta un uso m\u00e1s consciente de los recursos ya que\u00a0 no se necesita imprimir todo el material. En las plataformas virtuales se pueden subir documentos en todo tipo de formato (usualmente en .pdf) para que puedan ser descargados en distintos dispositivos. De esta manera no se gasta tanto dinero en copias, tinta y papel, y se desecha menos. se `puede tener todo el contenido desde una tablet o computadora.<\/li>\n<\/ul>\n<ul>\n<li><strong>Material audiovisual<\/strong>: El material, queda en la plataforma para su acceder las veces que sea necesario, tiene una ventaja sobre la presencialidad, en ella se puede perder informaci\u00f3n durante su proceso.<\/li>\n<\/ul>\n<\/div><\/div>\n<div class=\"row\">\n<div class=\"column col3\"><a class=\"ctsc-button ctsc-button-normal ctsc-button-center  ctsc-animation ctsc-animation-zoomin\" href=\"http:\/\/137.184.40.145\/moodle\/\" target=\"blank\" style=\" background:#b20b00;\n\t\t\t\tbackground:-moz-linear-gradient(top, #b20b00 0%, #d4281 100%);\n\t\t\t\tbackground:-webkit-linear-gradient(top, #b20b00 0%, #d4281 100%); \n\t\t\t\tbackground:linear-gradient(to bottom, #b20b00 0%, #d4281 100%);\n\t\t\t\tfilter:progid:DXImageTransform.Microsoft.gradient(startColorstr='#b20b00', endColorstr='#d4281',GradientType=0);\"><span class=\"ctsc-button-content\"><span class=\"ctsc-button-text\">Ingrese al Campus<\/span><\/span><\/a><\/div>\n<\/div>\n<hr \/>\n","protected":false},"excerpt":{"rendered":"<p>Campus de la Asociaci\u00f3n de Policonsultorios &nbsp; Nuestra Asociaci\u00f3n cuenta con una plataforma donde se concentran los cursos, se realizan las capacitaciones y es un espacio de interacci\u00f3n entre los miembros que conforman la Asociaci\u00f3n. Desde este campus se ofrece el material a los participantes, para que de manera no presencial puedan incorporar los conocimientos necesarios para llevar adelante la gesti\u00f3n de cada uno de los policonsultorios. Aspira a convertirse en el sost\u00e9n inform\u00e1tico para facilitar tanto el uso de&hellip;<\/p>\n","protected":false},"author":2,"featured_media":0,"parent":0,"menu_order":0,"comment_status":"closed","ping_status":"closed","template":"","meta":{"footnotes":""},"class_list":["post-3735","page","type-page","status-publish","hentry"],"_links":{"self":[{"href":"http:\/\/137.184.40.145\/wordpress\/wp-json\/wp\/v2\/pages\/3735","targetHints":{"allow":["GET"]}}],"collection":[{"href":"http:\/\/137.184.40.145\/wordpress\/wp-json\/wp\/v2\/pages"}],"about":[{"href":"http:\/\/137.184.40.145\/wordpress\/wp-json\/wp\/v2\/types\/page"}],"author":[{"embeddable":true,"href":"http:\/\/137.184.40.145\/wordpress\/wp-json\/wp\/v2\/users\/2"}],"replies":[{"embeddable":true,"href":"http:\/\/137.184.40.145\/wordpress\/wp-json\/wp\/v2\/comments?post=3735"}],"version-history":[{"count":84,"href":"http:\/\/137.184.40.145\/wordpress\/wp-json\/wp\/v2\/pages\/3735\/revisions"}],"predecessor-version":[{"id":6070,"href":"http:\/\/137.184.40.145\/wordpress\/wp-json\/wp\/v2\/pages\/3735\/revisions\/6070"}],"wp:attachment":[{"href":"http:\/\/137.184.40.145\/wordpress\/wp-json\/wp\/v2\/media?parent=3735"}],"curies":[{"name":"wp","href":"https:\/\/api.w.org\/{rel}","templated":true}]}}