

{"id":3679,"date":"2023-04-03T13:32:14","date_gmt":"2023-04-03T13:32:14","guid":{"rendered":"http:\/\/137.184.40.145\/wordpress\/?page_id=3679"},"modified":"2023-06-14T13:29:48","modified_gmt":"2023-06-14T13:29:48","slug":"autoridades","status":"publish","type":"page","link":"http:\/\/137.184.40.145\/wordpress\/autoridades\/","title":{"rendered":"Autoridades"},"content":{"rendered":"<h2><strong><span style=\"color: #000000;\">Comisi\u00f3n Directiva<\/span><\/strong><\/h2>\n<p>&nbsp;<\/p>\n<div class=\"ctsc-column ctsc-col2\">\n<h3><strong><span style=\"color: #000080\">PRESIDENTE<\/span><\/strong><\/h3>\n<h5>Silvina Mariel Fontana (RM LOG S.R.L.)<\/h5>\n\n<h3><strong><span style=\"color: #000080\">VICEPRESIDENTE<\/span><\/strong><\/h3>\n<h5>Juli\u00e1n Mar\u00eda Fierro (Consultorio Modelo Tamiz Pergamino S.A)<\/h5>\n\n<h3><strong><span style=\"color: #000080\">SECRETARIO<\/span><\/strong><\/h3>\n<h5>Daniel Horacio Griego (Oftalmolog\u00eda Iberoamericana S.A)<\/h5>\n\n<h3><strong><span style=\"color: #000080\">TESORERO<\/span><\/strong><\/h3>\n<h5>Rodolfo Gustavo Dur\u00e1n (Policonsultorios de la Salud S.A)<\/h5>\n\n<h3><strong><span style=\"color: #000080\">VOCAL TITULAR 1\u00ba<\/span><\/strong><\/h3>\n<h5>Adrian Angel Benaglia (Globalmed S.A)<\/h5>\n\n<h3><strong><span style=\"color: #000080\">VOCAL SUPLENTE 1\u00ba<\/span><\/strong><\/h3>\n<h5>Julio H\u00e9ctor Fierro (Consultorio Modelo Tamiz Pergamino S.A)<\/h5>\n<\/div><div class=\"ctsc-column ctsc-col2 ctsc-col-last\">\n<h2><strong><span style=\"color: #000000\">Comisi\u00f3n revisadora de cuentas<\/span><\/strong><\/h2>\n<h3><strong><span style=\"color: #000080\">REVISOR DE CUENTAS TITULAR 1\u00ba<\/span><\/strong><\/h3>\n<h5>Leandro Mario Rocca (RM LOG S.R.L.)<\/h5>\n\n<h3><strong><span style=\"color: #000080\">REVISOR DE CUENTAS TITULAR 2\u00ba<\/span><\/strong><\/h3>\n<h5>Mauro Andr\u00e9s Gonz\u00e1lez (Oftalmolog\u00eda Iberoamericana S.A)<\/h5>\n\n<h3><strong><span style=\"color: #000080\">REVISOR DE CUENTAS TITULAR 3\u00ba<\/span><\/strong><\/h3>\n<h5>Marcelo Alberto Pianca (Policonsultorios de la Salud S.A)<\/h5>\n\n<h3><strong><span style=\"color: #000080\">REVISOR DE CUENTAS SUPLENTE 1\u00ba<\/span><\/strong><\/h3>\n<h5>Guillermo Jose LLanos (Globalmed S.A)<\/h5>\n<\/div><div class=\"col-divide\"><\/div><\/p>\n<hr \/>\n","protected":false},"excerpt":{"rendered":"<p>Comisi\u00f3n Directiva &nbsp;<\/p>\n","protected":false},"author":1,"featured_media":0,"parent":0,"menu_order":0,"comment_status":"closed","ping_status":"closed","template":"","meta":{"footnotes":""},"class_list":["post-3679","page","type-page","status-publish","hentry"],"_links":{"self":[{"href":"http:\/\/137.184.40.145\/wordpress\/wp-json\/wp\/v2\/pages\/3679","targetHints":{"allow":["GET"]}}],"collection":[{"href":"http:\/\/137.184.40.145\/wordpress\/wp-json\/wp\/v2\/pages"}],"about":[{"href":"http:\/\/137.184.40.145\/wordpress\/wp-json\/wp\/v2\/types\/page"}],"author":[{"embeddable":true,"href":"http:\/\/137.184.40.145\/wordpress\/wp-json\/wp\/v2\/users\/1"}],"replies":[{"embeddable":true,"href":"http:\/\/137.184.40.145\/wordpress\/wp-json\/wp\/v2\/comments?post=3679"}],"version-history":[{"count":16,"href":"http:\/\/137.184.40.145\/wordpress\/wp-json\/wp\/v2\/pages\/3679\/revisions"}],"predecessor-version":[{"id":4667,"href":"http:\/\/137.184.40.145\/wordpress\/wp-json\/wp\/v2\/pages\/3679\/revisions\/4667"}],"wp:attachment":[{"href":"http:\/\/137.184.40.145\/wordpress\/wp-json\/wp\/v2\/media?parent=3679"}],"curies":[{"name":"wp","href":"https:\/\/api.w.org\/{rel}","templated":true}]}}